{"id":16,"date":"2025-10-30T05:02:05","date_gmt":"2025-10-30T05:02:05","guid":{"rendered":"http:\/\/kzhqotr.cluster129.hosting.ovh.net\/?page_id=16"},"modified":"2025-10-30T07:50:55","modified_gmt":"2025-10-30T07:50:55","slug":"presentation","status":"publish","type":"page","link":"https:\/\/chirurgie-maxillo-faciale-tahiti.com\/","title":{"rendered":"Chirurgie maxillo-faciale &#8211; Pr\u00e9sentation"},"content":{"rendered":"\n<p class=\"bandeau has-blush-light-purple-gradient-background has-background\" style=\"font-style:normal;font-weight:500;letter-spacing:1px\"><em>(Site en cours de construction)<\/em><\/p>\n\n\n\n<p>La chirurgie maxillo-faciale et stomatologie est la sp\u00e9cialit\u00e9 m\u00e9dicale et chirurgicale du visage, des m\u00e2choires et de la bouche.<\/p>\n\n\n\n<p>Au sein du Centre Hospitalier de Polyn\u00e9sie Fran\u00e7aise, notre \u00e9quipe assure la prise en charge dans plusieurs domaines : <\/p>\n\n\n\n<p><br>Chirurgies carcinologiques : cancers de la peau, des m\u00e2choires, des l\u00e8vres, de la boiche, de la langue<br>Chirurgies cutan\u00e9es : naevus (grains de beaut\u00e9), lipomes, carcinomes cutan\u00e9s, m\u00e9lanomes<br>Chirurgies malformatives : malformations de l\u2019enfant (fentes labio-palatines), malformations vasculaires<br>Chirurgies traumatologiques : fracture des os du visages, plaies complexes, perte de substanace<br>Chirurgies orthognathiques : chirurgie des m\u00e2choires (avanc\u00e9e, recul, sym\u00e9trisation, g\u00e9nioplastie, etc\u2026)<br>Chirurgies stomatologiques : avulsions dentaires (dents de sagesses, dents incluses) , greffes osseuses, kystes des m\u00e2choires, etc\u2026<br>Chirurgies orbito-palp\u00e9brales : chirurgie de l\u2019orbite, chirurgie des paupi\u00e8res (pt\u00f4sis, bl\u00e9pharoplasties)<br>Chirurgies de reconstructions complexes (visage, m\u00e2choires, r\u00e9paration de pertes de substances sur le corps, lambeaux libres)<br>Prise en charge des pathologies des articulations temporo mandibulaires (ATM)<br>Suivi m\u00e9dical des pathologies maxillo-faciales<br>Suivi m\u00e9dico-chirurgical des s\u00e9quelles de paralysie faciale<br>Pathologies de la muqueuse buccale (consultation commune avec odontologie)<\/p>\n\n\n\n<p><\/p>\n\n\n\n<p>Notre \u00e9quipe de deux chirurgiens, Dr Daphn\u00e9e Coquatrix et Dr Aymeric Maltezeanu, assure un suivi continu 24\/7 pour les urgences (traumatismes, fractures, plaies, infections) en parall\u00e8le de l&rsquo;activit\u00e9 programm\u00e9e.<\/p>\n\n\n\n<p><br><\/p>\n\n\n\n<p class=\"has-blush-light-purple-gradient-background has-background\"><a href=\"https:\/\/www.chpf.pf\/wp-content\/uploads\/2018\/08\/Service-de-chirurgie-maxillo-faciale-Service-ORL.pdf\">https:\/\/www.chpf.pf\/wp-content\/uploads\/2018\/08\/Service-de-chirurgie-maxillo-faciale-Service-ORL.pdf<\/a><br>Prise de RDV : <a href=\"tel:+68940484630\" data-type=\"tel\" data-id=\"tel:+68940484630\">40 48 46 30<\/a> &#8211; <a href=\"mailto:consultation.orl@cht.pf\">consultation.orl@cht.pf<\/a><br><\/p>\n\n\n\n<p><\/p>\n\n\n\n<p><\/p>\n","protected":false},"excerpt":{"rendered":"<p>(Site en cours de construction) La chirurgie maxillo-faciale et stomatologie est la sp\u00e9cialit\u00e9 m\u00e9dicale et chirurgicale du visage, des m\u00e2choires et de la bouche. Au sein du Centre Hospitalier de Polyn\u00e9sie Fran\u00e7aise, notre \u00e9quipe assure la prise en charge dans plusieurs domaines : Chirurgies carcinologiques : cancers de la peau, des m\u00e2choires, des l\u00e8vres, de [&hellip;]<\/p>\n","protected":false},"author":1,"featured_media":0,"parent":0,"menu_order":0,"comment_status":"closed","ping_status":"closed","template":"","meta":{"footnotes":""},"class_list":["post-16","page","type-page","status-publish","hentry"],"_links":{"self":[{"href":"https:\/\/chirurgie-maxillo-faciale-tahiti.com\/index.php\/wp-json\/wp\/v2\/pages\/16","targetHints":{"allow":["GET"]}}],"collection":[{"href":"https:\/\/chirurgie-maxillo-faciale-tahiti.com\/index.php\/wp-json\/wp\/v2\/pages"}],"about":[{"href":"https:\/\/chirurgie-maxillo-faciale-tahiti.com\/index.php\/wp-json\/wp\/v2\/types\/page"}],"author":[{"embeddable":true,"href":"https:\/\/chirurgie-maxillo-faciale-tahiti.com\/index.php\/wp-json\/wp\/v2\/users\/1"}],"replies":[{"embeddable":true,"href":"https:\/\/chirurgie-maxillo-faciale-tahiti.com\/index.php\/wp-json\/wp\/v2\/comments?post=16"}],"version-history":[{"count":13,"href":"https:\/\/chirurgie-maxillo-faciale-tahiti.com\/index.php\/wp-json\/wp\/v2\/pages\/16\/revisions"}],"predecessor-version":[{"id":54,"href":"https:\/\/chirurgie-maxillo-faciale-tahiti.com\/index.php\/wp-json\/wp\/v2\/pages\/16\/revisions\/54"}],"wp:attachment":[{"href":"https:\/\/chirurgie-maxillo-faciale-tahiti.com\/index.php\/wp-json\/wp\/v2\/media?parent=16"}],"curies":[{"name":"wp","href":"https:\/\/api.w.org\/{rel}","templated":true}]}}